{"id":15101,"date":"2023-01-06T18:44:50","date_gmt":"2023-01-06T18:44:50","guid":{"rendered":"http:\/\/nchasia.com\/vn-vn\/privacy\/"},"modified":"2025-07-25T17:07:57","modified_gmt":"2025-07-25T09:07:57","slug":"privacy","status":"publish","type":"page","link":"https:\/\/www.nchasia.com\/vn-vn\/privacy\/","title":{"rendered":"NCH Privacy Policy"},"content":{"rendered":"\t\t<div data-elementor-type=\"wp-page\" data-elementor-id=\"15101\" class=\"elementor elementor-15101\" data-elementor-post-type=\"page\">\n\t\t\t\t\t\t<section class=\"elementor-section elementor-top-section elementor-element elementor-element-bdd6a66 elementor-section-boxed elementor-section-height-default elementor-section-height-default\" data-id=\"bdd6a66\" data-element_type=\"section\" data-e-type=\"section\">\n\t\t\t\t\t\t<div class=\"elementor-container elementor-column-gap-default\">\n\t\t\t\t\t<div class=\"elementor-column elementor-col-100 elementor-top-column elementor-element elementor-element-77d01d7\" data-id=\"77d01d7\" data-element_type=\"column\" data-e-type=\"column\">\n\t\t\t<div class=\"elementor-widget-wrap elementor-element-populated\">\n\t\t\t\t\t\t<div class=\"elementor-element elementor-element-c3b72e1 elementor-widget elementor-widget-text-editor\" data-id=\"c3b72e1\" data-element_type=\"widget\" data-e-type=\"widget\" data-widget_type=\"text-editor.default\">\n\t\t\t\t<div class=\"elementor-widget-container\">\n\t\t\t\t\t\t\t\t\t<h3>Ch\u00ednh s\u00e1ch b\u1ea3o m\u1eadt c\u1ee7a NCH<\/h3><p>T\u1eadp \u0111o\u00e0n NCH v\u00e0 nh\u00f3m C\u00f4ng ty tr\u1ef1c thu\u1ed9c (\u201cNCH\u201d) cam k\u1ebft b\u1ea3o v\u1ec7 quy\u1ec1n ri\u00eang t\u01b0 c\u1ee7a b\u1ea1n v\u00e0 ph\u00e1t tri\u1ec3n c\u00f4ng ngh\u1ec7 mang \u0111\u1ebfn cho b\u1ea1n tr\u1ea3i nghi\u1ec7m kinh doanh m\u1ea1nh m\u1ebd v\u00e0 an to\u00e0n nh\u1ea5t.<\/p><p>Tr\u00ean trang web n\u00e0y, b\u1ea1n s\u1ebd t\u00ecm th\u1ea5y c\u00e1c ch\u00ednh s\u00e1ch v\u00e0 quy tr\u00ecnh n\u00eau r\u00f5 c\u00e1c th\u00f4ng l\u1ec7 v\u1ec1 quy\u1ec1n ri\u00eang t\u01b0 c\u1ee7a NCH li\u00ean quan \u0111\u1ebfn vi\u1ec7c x\u1eed l\u00fd d\u1eef li\u1ec7u c\u00e1 nh\u00e2n c\u1ee7a b\u1ea1n m\u00e0 ch\u00fang t\u00f4i c\u00f3 th\u1ec3 \u0111\u00e3 thu th\u1eadp ho\u1eb7c x\u1eed l\u00fd trong qu\u00e1 tr\u00ecnh h\u1ee3p t\u00e1c th\u01b0\u01a1ng m\u1ea1i ho\u1eb7c m\u1ed1i quan h\u1ec7 kinh doanh ti\u1ec1m n\u0103ng v\u1edbi NCH.<\/p><p>Vui l\u00f2ng xem x\u00e9t k\u1ef9 l\u01b0\u1ee1ng c\u00e1c t\u00e0i li\u1ec7u n\u00e0y v\u00ec ch\u00fang ch\u1ee9a th\u00f4ng tin quan tr\u1ecdng v\u1ec1 lo\u1ea1i d\u1eef li\u1ec7u ch\u00fang t\u00f4i thu th\u1eadp, m\u1ee5c \u0111\u00edch ch\u00fang t\u00f4i thu th\u1eadp d\u1eef li\u1ec7u, c\u00f4ng ngh\u1ec7 ch\u00fang t\u00f4i s\u1eed d\u1ee5ng \u0111\u1ec3 theo d\u00f5i tr\u1ea3i nghi\u1ec7m tr\u1ef1c tuy\u1ebfn c\u1ee7a b\u1ea1n c\u0169ng nh\u01b0 c\u00e1ch ch\u00fang t\u00f4i \u0111\u1ea3m b\u1ea3o d\u1eef li\u1ec7u \u0111\u01b0\u1ee3c x\u1eed l\u00fd v\u00e0 l\u01b0u gi\u1eef h\u1ee3p ph\u00e1p. Ch\u00fang t\u00f4i c\u0169ng \u0111\u00e3 n\u00eau r\u00f5 c\u00e1c quy\u1ec1n m\u00e0 b\u1ea1n c\u00f3 th\u1ec3 c\u00f3 li\u00ean quan \u0111\u1ebfn d\u1eef li\u1ec7u c\u00e1 nh\u00e2n c\u1ee7a m\u00ecnh v\u00e0 c\u00e1ch t\u1ed1t nh\u1ea5t \u0111\u1ec3 li\u00ean h\u1ec7 v\u1edbi ch\u00fang t\u00f4i n\u1ebfu b\u1ea1n c\u00f3 b\u1ea5t k\u1ef3 c\u00e2u h\u1ecfi ho\u1eb7c th\u1eafc m\u1eafc n\u00e0o v\u1ec1 c\u00e1c th\u00f4ng l\u1ec7 v\u1ec1 quy\u1ec1n ri\u00eang t\u01b0 c\u1ee7a NCH.<\/p><p><strong>\u0110\u1ec3 bi\u1ebft th\u00eam th\u00f4ng tin chi ti\u1ebft v\u1ec1 ch\u00ednh s\u00e1ch cookie c\u1ee7a NCH Global, <a href=\"https:\/\/www.nch.com\/Privacy-Policy\">vui l\u00f2ng nh\u1ea5p v\u00e0o \u0111\u00e2y<\/a>.<\/strong><\/p>\t\t\t\t\t\t\t\t<\/div>\n\t\t\t\t<\/div>\n\t\t\t\t\t<\/div>\n\t\t<\/div>\n\t\t\t\t\t<\/div>\n\t\t<\/section>\n\t\t\t\t<\/div>\n\t\t","protected":false},"excerpt":{"rendered":"<p>Ch\u00ednh s\u00e1ch b\u1ea3o m\u1eadt c\u1ee7a NCH T\u1eadp \u0111o\u00e0n NCH v\u00e0 nh\u00f3m C\u00f4ng ty tr\u1ef1c thu\u1ed9c (\u201cNCH\u201d) cam k\u1ebft b\u1ea3o v\u1ec7 [&hellip;]<\/p>\n","protected":false},"author":1,"featured_media":0,"parent":0,"menu_order":0,"comment_status":"closed","ping_status":"closed","template":"","meta":{"_acf_changed":false,"footnotes":""},"class_list":["post-15101","page","type-page","status-publish","hentry"],"acf":[],"yoast_head":"<!-- This site is optimized with the Yoast SEO plugin v27.2 - https:\/\/yoast.com\/product\/yoast-seo-wordpress\/ -->\n<title>NCH Privacy Policy - NCH Vietnam<\/title>\n<meta name=\"description\" content=\"NCH Vietnam NCH Privacy Policy\" \/>\n<meta name=\"robots\" content=\"index, follow, max-snippet:-1, max-image-preview:large, max-video-preview:-1\" \/>\n<link rel=\"canonical\" href=\"https:\/\/www.nchasia.com\/vn-vn\/privacy\/\" \/>\n<meta property=\"og:locale\" content=\"en_US\" \/>\n<meta property=\"og:type\" content=\"article\" \/>\n<meta property=\"og:title\" content=\"NCH Privacy Policy - NCH Vietnam\" \/>\n<meta property=\"og:description\" content=\"NCH Vietnam NCH Privacy Policy\" \/>\n<meta property=\"og:url\" content=\"https:\/\/www.nchasia.com\/vn-vn\/privacy\/\" \/>\n<meta property=\"og:site_name\" content=\"NCH Vietnam\" \/>\n<meta property=\"article:modified_time\" content=\"2025-07-25T09:07:57+00:00\" \/>\n<meta name=\"twitter:card\" content=\"summary_large_image\" \/>\n<meta name=\"twitter:label1\" content=\"Est. reading time\" \/>\n\t<meta name=\"twitter:data1\" content=\"2 minutes\" \/>\n<script type=\"application\/ld+json\" class=\"yoast-schema-graph\">{\"@context\":\"https:\/\/schema.org\",\"@graph\":[{\"@type\":\"WebPage\",\"@id\":\"https:\/\/www.nchasia.com\/vn-vn\/privacy\/\",\"url\":\"https:\/\/www.nchasia.com\/vn-vn\/privacy\/\",\"name\":\"NCH Privacy Policy - NCH Vietnam\",\"isPartOf\":{\"@id\":\"https:\/\/www.nchasia.com\/vn-vn\/#website\"},\"datePublished\":\"2023-01-06T18:44:50+00:00\",\"dateModified\":\"2025-07-25T09:07:57+00:00\",\"description\":\"NCH Vietnam NCH Privacy Policy\",\"breadcrumb\":{\"@id\":\"https:\/\/www.nchasia.com\/vn-vn\/privacy\/#breadcrumb\"},\"inLanguage\":\"en-US\",\"potentialAction\":[{\"@type\":\"ReadAction\",\"target\":[\"https:\/\/www.nchasia.com\/vn-vn\/privacy\/\"]}]},{\"@type\":\"BreadcrumbList\",\"@id\":\"https:\/\/www.nchasia.com\/vn-vn\/privacy\/#breadcrumb\",\"itemListElement\":[{\"@type\":\"ListItem\",\"position\":1,\"name\":\"\/\",\"item\":\"https:\/\/www.nchasia.com\/vn-vn\/\"},{\"@type\":\"ListItem\",\"position\":2,\"name\":\"NCH Privacy Policy\"}]},{\"@type\":\"WebSite\",\"@id\":\"https:\/\/www.nchasia.com\/vn-vn\/#website\",\"url\":\"https:\/\/www.nchasia.com\/vn-vn\/\",\"name\":\"NCH Vietnam\",\"description\":\"\",\"publisher\":{\"@id\":\"https:\/\/www.nchasia.com\/vn-vn\/#organization\"},\"potentialAction\":[{\"@type\":\"SearchAction\",\"target\":{\"@type\":\"EntryPoint\",\"urlTemplate\":\"https:\/\/www.nchasia.com\/vn-vn\/?s={search_term_string}\"},\"query-input\":{\"@type\":\"PropertyValueSpecification\",\"valueRequired\":true,\"valueName\":\"search_term_string\"}}],\"inLanguage\":\"en-US\"},{\"@type\":\"Organization\",\"@id\":\"https:\/\/www.nchasia.com\/vn-vn\/#organization\",\"name\":\"NCH Vietnam\",\"url\":\"https:\/\/www.nchasia.com\/vn-vn\/\",\"logo\":{\"@type\":\"ImageObject\",\"inLanguage\":\"en-US\",\"@id\":\"https:\/\/www.nchasia.com\/vn-vn\/#\/schema\/logo\/image\/\",\"url\":\"https:\/\/www.nchasia.com\/vn-vn\/wp-content\/resources\/sites\/21\/2023\/01\/NCH-Established-1919-Logo2-01@2x.png\",\"contentUrl\":\"https:\/\/www.nchasia.com\/vn-vn\/wp-content\/resources\/sites\/21\/2023\/01\/NCH-Established-1919-Logo2-01@2x.png\",\"width\":196,\"height\":240,\"caption\":\"NCH Vietnam\"},\"image\":{\"@id\":\"https:\/\/www.nchasia.com\/vn-vn\/#\/schema\/logo\/image\/\"}}]}<\/script>\n<!-- \/ Yoast SEO plugin. -->","yoast_head_json":{"title":"NCH Privacy Policy - NCH Vietnam","description":"NCH Vietnam NCH Privacy Policy","robots":{"index":"index","follow":"follow","max-snippet":"max-snippet:-1","max-image-preview":"max-image-preview:large","max-video-preview":"max-video-preview:-1"},"canonical":"https:\/\/www.nchasia.com\/vn-vn\/privacy\/","og_locale":"en_US","og_type":"article","og_title":"NCH Privacy Policy - NCH Vietnam","og_description":"NCH Vietnam NCH Privacy Policy","og_url":"https:\/\/www.nchasia.com\/vn-vn\/privacy\/","og_site_name":"NCH Vietnam","article_modified_time":"2025-07-25T09:07:57+00:00","twitter_card":"summary_large_image","twitter_misc":{"Est. reading time":"2 minutes"},"schema":{"@context":"https:\/\/schema.org","@graph":[{"@type":"WebPage","@id":"https:\/\/www.nchasia.com\/vn-vn\/privacy\/","url":"https:\/\/www.nchasia.com\/vn-vn\/privacy\/","name":"NCH Privacy Policy - NCH Vietnam","isPartOf":{"@id":"https:\/\/www.nchasia.com\/vn-vn\/#website"},"datePublished":"2023-01-06T18:44:50+00:00","dateModified":"2025-07-25T09:07:57+00:00","description":"NCH Vietnam NCH Privacy Policy","breadcrumb":{"@id":"https:\/\/www.nchasia.com\/vn-vn\/privacy\/#breadcrumb"},"inLanguage":"en-US","potentialAction":[{"@type":"ReadAction","target":["https:\/\/www.nchasia.com\/vn-vn\/privacy\/"]}]},{"@type":"BreadcrumbList","@id":"https:\/\/www.nchasia.com\/vn-vn\/privacy\/#breadcrumb","itemListElement":[{"@type":"ListItem","position":1,"name":"\/","item":"https:\/\/www.nchasia.com\/vn-vn\/"},{"@type":"ListItem","position":2,"name":"NCH Privacy Policy"}]},{"@type":"WebSite","@id":"https:\/\/www.nchasia.com\/vn-vn\/#website","url":"https:\/\/www.nchasia.com\/vn-vn\/","name":"NCH Vietnam","description":"","publisher":{"@id":"https:\/\/www.nchasia.com\/vn-vn\/#organization"},"potentialAction":[{"@type":"SearchAction","target":{"@type":"EntryPoint","urlTemplate":"https:\/\/www.nchasia.com\/vn-vn\/?s={search_term_string}"},"query-input":{"@type":"PropertyValueSpecification","valueRequired":true,"valueName":"search_term_string"}}],"inLanguage":"en-US"},{"@type":"Organization","@id":"https:\/\/www.nchasia.com\/vn-vn\/#organization","name":"NCH Vietnam","url":"https:\/\/www.nchasia.com\/vn-vn\/","logo":{"@type":"ImageObject","inLanguage":"en-US","@id":"https:\/\/www.nchasia.com\/vn-vn\/#\/schema\/logo\/image\/","url":"https:\/\/www.nchasia.com\/vn-vn\/wp-content\/resources\/sites\/21\/2023\/01\/NCH-Established-1919-Logo2-01@2x.png","contentUrl":"https:\/\/www.nchasia.com\/vn-vn\/wp-content\/resources\/sites\/21\/2023\/01\/NCH-Established-1919-Logo2-01@2x.png","width":196,"height":240,"caption":"NCH Vietnam"},"image":{"@id":"https:\/\/www.nchasia.com\/vn-vn\/#\/schema\/logo\/image\/"}}]}},"_links":{"self":[{"href":"https:\/\/www.nchasia.com\/vn-vn\/wp-json\/wp\/v2\/pages\/15101","targetHints":{"allow":["GET"]}}],"collection":[{"href":"https:\/\/www.nchasia.com\/vn-vn\/wp-json\/wp\/v2\/pages"}],"about":[{"href":"https:\/\/www.nchasia.com\/vn-vn\/wp-json\/wp\/v2\/types\/page"}],"author":[{"embeddable":true,"href":"https:\/\/www.nchasia.com\/vn-vn\/wp-json\/wp\/v2\/users\/1"}],"replies":[{"embeddable":true,"href":"https:\/\/www.nchasia.com\/vn-vn\/wp-json\/wp\/v2\/comments?post=15101"}],"version-history":[{"count":8,"href":"https:\/\/www.nchasia.com\/vn-vn\/wp-json\/wp\/v2\/pages\/15101\/revisions"}],"predecessor-version":[{"id":17579,"href":"https:\/\/www.nchasia.com\/vn-vn\/wp-json\/wp\/v2\/pages\/15101\/revisions\/17579"}],"wp:attachment":[{"href":"https:\/\/www.nchasia.com\/vn-vn\/wp-json\/wp\/v2\/media?parent=15101"}],"curies":[{"name":"wp","href":"https:\/\/api.w.org\/{rel}","templated":true}]}}